{"id":1180,"date":"2025-03-28T13:02:25","date_gmt":"2025-03-28T12:02:25","guid":{"rendered":"https:\/\/villaelenarooms.it\/buchen-sie\/"},"modified":"2025-05-18T13:26:37","modified_gmt":"2025-05-18T11:26:37","slug":"buchen-sie","status":"publish","type":"page","link":"https:\/\/villaelenarooms.it\/de\/buchen-sie\/","title":{"rendered":"Buchen Sie"},"content":{"rendered":"\t\t<div data-elementor-type=\"wp-page\" data-elementor-id=\"1180\" class=\"elementor elementor-1180 elementor-24\" data-elementor-post-type=\"page\">\n\t\t\t\t<div class=\"elementor-element elementor-element-210e145 e-flex e-con-boxed e-con e-parent\" data-id=\"210e145\" data-element_type=\"container\" data-e-type=\"container\">\n\t\t\t\t\t<div class=\"e-con-inner\">\n\t\t\t\t<div class=\"elementor-element elementor-element-cb75885 elementor-widget elementor-widget-spacer\" data-id=\"cb75885\" data-element_type=\"widget\" data-e-type=\"widget\" data-widget_type=\"spacer.default\">\n\t\t\t\t<div class=\"elementor-widget-container\">\n\t\t\t\t\t\t\t<div class=\"elementor-spacer\">\n\t\t\t<div class=\"elementor-spacer-inner\"><\/div>\n\t\t<\/div>\n\t\t\t\t\t\t<\/div>\n\t\t\t\t<\/div>\n\t\t\t\t\t<\/div>\n\t\t\t\t<\/div>\n\t\t<div class=\"elementor-element elementor-element-22bc235 e-flex e-con-boxed e-con e-parent\" data-id=\"22bc235\" data-element_type=\"container\" data-e-type=\"container\">\n\t\t\t\t\t<div class=\"e-con-inner\">\n\t\t<div class=\"elementor-element elementor-element-80b07fc e-con-full e-flex e-con e-child\" data-id=\"80b07fc\" data-element_type=\"container\" data-e-type=\"container\">\n\t\t\t\t<div class=\"elementor-element elementor-element-db01998 elementor-widget elementor-widget-heading\" data-id=\"db01998\" data-element_type=\"widget\" data-e-type=\"widget\" data-widget_type=\"heading.default\">\n\t\t\t\t<div class=\"elementor-widget-container\">\n\t\t\t\t\t<h1 class=\"elementor-heading-title elementor-size-default\">Buchen Sie jetzt!<\/h1>\t\t\t\t<\/div>\n\t\t\t\t<\/div>\n\t\t\t\t<div class=\"elementor-element elementor-element-ad3a7c9 elementor-widget elementor-widget-text-editor\" data-id=\"ad3a7c9\" data-element_type=\"widget\" data-e-type=\"widget\" data-widget_type=\"text-editor.default\">\n\t\t\t\t<div class=\"elementor-widget-container\">\n\t\t\t\t\t\t\t\t\t<p>F\u00fcllen Sie das folgende Formular aus, um Ihren n\u00e4chsten Urlaub in der Villa Elena zu buchen.<\/p>\n<p>Sie erhalten eine Kopie Ihres Antrags per E-Mail.<\/p>\n<p>Wir werden uns so schnell wie m\u00f6glich mit Ihnen in Verbindung setzen, um Ihnen die Verf\u00fcgbarkeit, den Preis und die notwendigen Informationen mitzuteilen.<\/p>\t\t\t\t\t\t\t\t<\/div>\n\t\t\t\t<\/div>\n\t\t\t\t<\/div>\n\t\t<div class=\"elementor-element elementor-element-9372932 e-con-full e-flex e-con e-child\" data-id=\"9372932\" data-element_type=\"container\" data-e-type=\"container\">\n\t\t\t\t<div class=\"elementor-element elementor-element-6f7be50 elementor-widget__width-inherit elementor-arrows-position-inside elementor-widget elementor-widget-image-carousel\" data-id=\"6f7be50\" data-element_type=\"widget\" data-e-type=\"widget\" data-settings=\"{&quot;slides_to_show&quot;:&quot;1&quot;,&quot;navigation&quot;:&quot;arrows&quot;,&quot;autoplay&quot;:&quot;yes&quot;,&quot;autoplay_speed&quot;:5000,&quot;infinite&quot;:&quot;yes&quot;,&quot;effect&quot;:&quot;slide&quot;,&quot;speed&quot;:500}\" data-widget_type=\"image-carousel.default\">\n\t\t\t\t<div class=\"elementor-widget-container\">\n\t\t\t\t\t\t\t<div class=\"elementor-image-carousel-wrapper swiper\" role=\"region\" aria-roledescription=\"carousel\" aria-label=\"Carosello d&#039;immagini\" dir=\"ltr\">\n\t\t\t<div class=\"elementor-image-carousel swiper-wrapper swiper-image-stretch\" aria-live=\"off\">\n\t\t\t\t\t\t\t\t<div class=\"swiper-slide\" role=\"group\" aria-roledescription=\"slide\" aria-label=\"1 von 5\"><figure class=\"swiper-slide-inner\"><img decoding=\"async\" class=\"swiper-slide-image\" src=\"https:\/\/villaelenarooms.it\/wp-content\/uploads\/2025\/03\/villa-elena-rooms.jpg\" alt=\"villa-elena-rooms\" \/><\/figure><\/div><div class=\"swiper-slide\" role=\"group\" aria-roledescription=\"slide\" aria-label=\"2 von 5\"><figure class=\"swiper-slide-inner\"><img decoding=\"async\" class=\"swiper-slide-image\" src=\"https:\/\/villaelenarooms.it\/wp-content\/uploads\/2025\/03\/villa-elena-rooms-ingresso.jpg\" alt=\"villa-elena-rooms-ingresso\" \/><\/figure><\/div><div class=\"swiper-slide\" role=\"group\" aria-roledescription=\"slide\" aria-label=\"3 von 5\"><figure class=\"swiper-slide-inner\"><img decoding=\"async\" class=\"swiper-slide-image\" src=\"https:\/\/villaelenarooms.it\/wp-content\/uploads\/2025\/03\/villa-elena-rooms-giardino.jpg\" alt=\"villa-elena-zimmer-garten\" \/><\/figure><\/div><div class=\"swiper-slide\" role=\"group\" aria-roledescription=\"slide\" aria-label=\"4 von 5\"><figure class=\"swiper-slide-inner\"><img decoding=\"async\" class=\"swiper-slide-image\" src=\"https:\/\/villaelenarooms.it\/wp-content\/uploads\/2025\/03\/villa-elena-rooms-colazione.jpg\" alt=\"villa-elena-rooms-colazione\" \/><\/figure><\/div><div class=\"swiper-slide\" role=\"group\" aria-roledescription=\"slide\" aria-label=\"5 von 5\"><figure class=\"swiper-slide-inner\"><img decoding=\"async\" class=\"swiper-slide-image\" src=\"https:\/\/villaelenarooms.it\/wp-content\/uploads\/2025\/03\/villa-elena-rooms-balcone.jpg\" alt=\"villa-elena-rooms-balcone\" \/><\/figure><\/div>\t\t\t<\/div>\n\t\t\t\t\t\t\t\t\t\t\t\t<div class=\"elementor-swiper-button elementor-swiper-button-prev\" role=\"button\" tabindex=\"0\">\n\t\t\t\t\t\t<svg aria-hidden=\"true\" class=\"e-font-icon-svg e-eicon-chevron-left\" viewBox=\"0 0 1000 1000\" xmlns=\"http:\/\/www.w3.org\/2000\/svg\"><path d=\"M646 125C629 125 613 133 604 142L308 442C296 454 292 471 292 487 292 504 296 521 308 533L604 854C617 867 629 875 646 875 663 875 679 871 692 858 704 846 713 829 713 812 713 796 708 779 692 767L438 487 692 225C700 217 708 204 708 187 708 171 704 154 692 142 675 129 663 125 646 125Z\"><\/path><\/svg>\t\t\t\t\t<\/div>\n\t\t\t\t\t<div class=\"elementor-swiper-button elementor-swiper-button-next\" role=\"button\" tabindex=\"0\">\n\t\t\t\t\t\t<svg aria-hidden=\"true\" class=\"e-font-icon-svg e-eicon-chevron-right\" viewBox=\"0 0 1000 1000\" xmlns=\"http:\/\/www.w3.org\/2000\/svg\"><path d=\"M696 533C708 521 713 504 713 487 713 471 708 454 696 446L400 146C388 133 375 125 354 125 338 125 325 129 313 142 300 154 292 171 292 187 292 204 296 221 308 233L563 492 304 771C292 783 288 800 288 817 288 833 296 850 308 863 321 871 338 875 354 875 371 875 388 867 400 854L696 533Z\"><\/path><\/svg>\t\t\t\t\t<\/div>\n\t\t\t\t\n\t\t\t\t\t\t\t\t\t<\/div>\n\t\t\t\t\t\t<\/div>\n\t\t\t\t<\/div>\n\t\t\t\t<\/div>\n\t\t\t\t\t<\/div>\n\t\t\t\t<\/div>\n\t\t<div class=\"elementor-element elementor-element-79b6541 e-flex e-con-boxed e-con e-parent\" data-id=\"79b6541\" data-element_type=\"container\" data-e-type=\"container\">\n\t\t\t\t\t<div class=\"e-con-inner\">\n\t\t<div class=\"elementor-element elementor-element-80e71a2 e-con-full e-flex e-con e-child\" data-id=\"80e71a2\" data-element_type=\"container\" data-e-type=\"container\">\n\t\t\t\t<div class=\"elementor-element elementor-element-7273863 elementor-button-align-center elementor-widget elementor-widget-form\" data-id=\"7273863\" data-element_type=\"widget\" data-e-type=\"widget\" data-settings=\"{&quot;step_next_label&quot;:&quot;N\\u00e4chste&quot;,&quot;step_previous_label&quot;:&quot;Vorherige&quot;,&quot;step_type&quot;:&quot;number_text&quot;,&quot;step_icon_shape&quot;:&quot;circle&quot;}\" data-widget_type=\"form.default\">\n\t\t\t\t<div class=\"elementor-widget-container\">\n\t\t\t\t\t<template id=\"cfef_logic_data_7273863\" class=\"cfef_logic_data_js\" data-form-id=\"7273863\">{&quot;eta_bambino_1&quot;:{&quot;display_mode&quot;:&quot;show&quot;,&quot;fire_action&quot;:&quot;All&quot;,&quot;file_types&quot;:&quot;png&quot;,&quot;logic_data&quot;:[{&quot;cfef_logic_field_id&quot;:&quot;numero_bambini&quot;,&quot;cfef_logic_field_is&quot;:&quot;&gt;&quot;,&quot;cfef_logic_compare_value&quot;:&quot;0&quot;,&quot;_id&quot;:&quot;f913f3a&quot;}]},&quot;eta_bambino_2&quot;:{&quot;display_mode&quot;:&quot;show&quot;,&quot;fire_action&quot;:&quot;All&quot;,&quot;file_types&quot;:&quot;png&quot;,&quot;logic_data&quot;:[{&quot;cfef_logic_field_id&quot;:&quot;numero_bambini&quot;,&quot;cfef_logic_field_is&quot;:&quot;&gt;&quot;,&quot;cfef_logic_compare_value&quot;:&quot;1&quot;,&quot;_id&quot;:&quot;f913f3a&quot;}]},&quot;eta_bambino_3&quot;:{&quot;display_mode&quot;:&quot;show&quot;,&quot;fire_action&quot;:&quot;All&quot;,&quot;file_types&quot;:&quot;png&quot;,&quot;logic_data&quot;:[{&quot;cfef_logic_field_id&quot;:&quot;numero_bambini&quot;,&quot;cfef_logic_field_is&quot;:&quot;&gt;&quot;,&quot;cfef_logic_compare_value&quot;:&quot;2&quot;,&quot;_id&quot;:&quot;f913f3a&quot;}]}}<\/template>\t\t<form class=\"elementor-form\" method=\"post\" name=\"Reservierungsformular\" aria-label=\"Reservierungsformular\">\n\t\t\t<input type=\"hidden\" name=\"post_id\" value=\"1180\"\/>\n\t\t\t<input type=\"hidden\" name=\"form_id\" value=\"7273863\"\/>\n\t\t\t<input type=\"hidden\" name=\"referer_title\" value=\"Buchen Sie\" \/>\n\n\t\t\t\t\t\t\t<input type=\"hidden\" name=\"queried_id\" value=\"1180\"\/>\n\t\t\t\n\t\t\t<div class=\"elementor-form-fields-wrapper elementor-labels-above\">\n\t\t\t\t\t\t\t\t<div class=\"elementor-field-type-text elementor-field-group elementor-column elementor-field-group-nome elementor-col-50 elementor-field-required elementor-mark-required\">\n\t\t\t\t\t\t\t\t\t\t\t\t<label for=\"form-field-nome\" class=\"elementor-field-label\">\n\t\t\t\t\t\t\t\tName\t\t\t\t\t\t\t<\/label>\n\t\t\t\t\t\t\t\t\t\t\t\t\t\t<input size=\"1\" type=\"text\" name=\"form_fields[nome]\" id=\"form-field-nome\" class=\"elementor-field elementor-size-sm  elementor-field-textual\" placeholder=\"Name ...\" required=\"required\">\n\t\t\t\t\t\t\t\t\t\t\t<\/div>\n\t\t\t\t\t\t\t\t<div class=\"elementor-field-type-text elementor-field-group elementor-column elementor-field-group-cognome elementor-col-50 elementor-field-required elementor-mark-required\">\n\t\t\t\t\t\t\t\t\t\t\t\t<label for=\"form-field-cognome\" class=\"elementor-field-label\">\n\t\t\t\t\t\t\t\tNachname\t\t\t\t\t\t\t<\/label>\n\t\t\t\t\t\t\t\t\t\t\t\t\t\t<input size=\"1\" type=\"text\" name=\"form_fields[cognome]\" id=\"form-field-cognome\" class=\"elementor-field elementor-size-sm  elementor-field-textual\" placeholder=\"Nachname ...\" required=\"required\">\n\t\t\t\t\t\t\t\t\t\t\t<\/div>\n\t\t\t\t\t\t\t\t<div class=\"elementor-field-type-email elementor-field-group elementor-column elementor-field-group-email elementor-col-50 elementor-field-required elementor-mark-required\">\n\t\t\t\t\t\t\t\t\t\t\t\t<label for=\"form-field-email\" class=\"elementor-field-label\">\n\t\t\t\t\t\t\t\tE-Mail\t\t\t\t\t\t\t<\/label>\n\t\t\t\t\t\t\t\t\t\t\t\t\t\t<input size=\"1\" type=\"email\" name=\"form_fields[email]\" id=\"form-field-email\" class=\"elementor-field elementor-size-sm  elementor-field-textual\" placeholder=\"E-Mail ...\" required=\"required\">\n\t\t\t\t\t\t\t\t\t\t\t<\/div>\n\t\t\t\t\t\t\t\t<div class=\"elementor-field-type-tel elementor-field-group elementor-column elementor-field-group-telefono elementor-col-50 elementor-field-required elementor-mark-required\">\n\t\t\t\t\t\t\t\t\t\t\t\t<label for=\"form-field-telefono\" class=\"elementor-field-label\">\n\t\t\t\t\t\t\t\tTelefon\t\t\t\t\t\t\t<\/label>\n\t\t\t\t\t\t<span class=\"ccfef-editor-intl-input\" data-id=\"form-field-telefono\" data-field-id=\"7f81e28\" data-default-country=\"it\" data-include-countries=\"\" data-exclude-countries=\"\" data-dial-code-visibility=\"show\" data-strict-mode=\"no\" style=\"display: none;\"><\/span>\t\t<input size=\"1\" type=\"tel\" name=\"form_fields[telefono]\" id=\"form-field-telefono\" class=\"elementor-field elementor-size-sm  elementor-field-textual\" placeholder=\"Telefon ...\" required=\"required\" pattern=\"[0-9()#&amp;+*-=.]+\" title=\"Nur Nummern oder Telefon-Zeichen (#, -, *, etc) werden akzeptiert.\">\n\n\t\t\t\t\t\t<\/div>\n\t\t\t\t\t\t\t\t<div class=\"elementor-field-type-date elementor-field-group elementor-column elementor-field-group-data_arrivo elementor-col-33 elementor-field-required elementor-mark-required\">\n\t\t\t\t\t\t\t\t\t\t\t\t<label for=\"form-field-data_arrivo\" class=\"elementor-field-label\">\n\t\t\t\t\t\t\t\tDatum der Ankunft\t\t\t\t\t\t\t<\/label>\n\t\t\t\t\t\t\n\t\t<input type=\"date\" name=\"form_fields[data_arrivo]\" id=\"form-field-data_arrivo\" class=\"elementor-field elementor-size-sm  elementor-field-textual elementor-date-field elementor-use-native\" required=\"required\" pattern=\"[0-9]{4}-[0-9]{2}-[0-9]{2}\">\n\t\t\t\t\t\t<\/div>\n\t\t\t\t\t\t\t\t<div class=\"elementor-field-type-date elementor-field-group elementor-column elementor-field-group-data_partenza elementor-col-33 elementor-field-required elementor-mark-required\">\n\t\t\t\t\t\t\t\t\t\t\t\t<label for=\"form-field-data_partenza\" class=\"elementor-field-label\">\n\t\t\t\t\t\t\t\tDatum der Abreise\t\t\t\t\t\t\t<\/label>\n\t\t\t\t\t\t\n\t\t<input type=\"date\" name=\"form_fields[data_partenza]\" id=\"form-field-data_partenza\" class=\"elementor-field elementor-size-sm  elementor-field-textual elementor-date-field elementor-use-native\" required=\"required\" pattern=\"[0-9]{4}-[0-9]{2}-[0-9]{2}\">\n\t\t\t\t\t\t<\/div>\n\t\t\t\t\t\t\t\t<div class=\"elementor-field-type-number elementor-field-group elementor-column elementor-field-group-numero_adulti elementor-col-33 elementor-field-required elementor-mark-required\">\n\t\t\t\t\t\t\t\t\t\t\t\t<label for=\"form-field-numero_adulti\" class=\"elementor-field-label\">\n\t\t\t\t\t\t\t\tAnzahl Erwachsene\t\t\t\t\t\t\t<\/label>\n\t\t\t\t\t\t\t\t\t<input type=\"number\" name=\"form_fields[numero_adulti]\" id=\"form-field-numero_adulti\" class=\"elementor-field elementor-size-sm  elementor-field-textual\" placeholder=\"1\" required=\"required\" min=\"1\" max=\"\" >\n\t\t\t\t\t\t<\/div>\n\t\t\t\t\t\t\t\t<div class=\"elementor-field-type-number elementor-field-group elementor-column elementor-field-group-numero_bambini elementor-col-20\">\n\t\t\t\t\t\t\t\t\t\t\t\t<label for=\"form-field-numero_bambini\" class=\"elementor-field-label\">\n\t\t\t\t\t\t\t\tAnzahl Kinder\t\t\t\t\t\t\t<\/label>\n\t\t\t\t\t\t\t\t\t<input type=\"number\" name=\"form_fields[numero_bambini]\" id=\"form-field-numero_bambini\" class=\"elementor-field elementor-size-sm  elementor-field-textual\" placeholder=\"0\" min=\"0\" max=\"3\" >\n\t\t\t\t\t\t<\/div>\n\t\t\t\t\t\t\t\t<div class=\"elementor-field-type-number elementor-field-group elementor-column elementor-field-group-eta_bambino_1 elementor-col-20 elementor-field-required elementor-mark-required\">\n\t\t\t\t\t\t\t\t\t\t\t\t<label for=\"form-field-eta_bambino_1\" class=\"elementor-field-label\">\n\t\t\t\t\t\t\t\tAlter 1. Kind\t\t\t\t\t\t\t<\/label>\n\t\t\t\t\t\t\t\t\t<input type=\"number\" name=\"form_fields[eta_bambino_1]\" id=\"form-field-eta_bambino_1\" class=\"elementor-field elementor-size-sm  elementor-field-textual\" required=\"required\" min=\"0\" max=\"\" >\n\t\t\t\t\t\t<\/div>\n\t\t\t\t\t\t\t\t<div class=\"elementor-field-type-number elementor-field-group elementor-column elementor-field-group-eta_bambino_2 elementor-col-20 elementor-field-required elementor-mark-required\">\n\t\t\t\t\t\t\t\t\t\t\t\t<label for=\"form-field-eta_bambino_2\" class=\"elementor-field-label\">\n\t\t\t\t\t\t\t\tAlter 2. Kind\t\t\t\t\t\t\t<\/label>\n\t\t\t\t\t\t\t\t\t<input type=\"number\" name=\"form_fields[eta_bambino_2]\" id=\"form-field-eta_bambino_2\" class=\"elementor-field elementor-size-sm  elementor-field-textual\" required=\"required\" min=\"\" max=\"\" >\n\t\t\t\t\t\t<\/div>\n\t\t\t\t\t\t\t\t<div class=\"elementor-field-type-number elementor-field-group elementor-column elementor-field-group-eta_bambino_3 elementor-col-20 elementor-field-required elementor-mark-required\">\n\t\t\t\t\t\t\t\t\t\t\t\t<label for=\"form-field-eta_bambino_3\" class=\"elementor-field-label\">\n\t\t\t\t\t\t\t\tAlter 3. Kind\t\t\t\t\t\t\t<\/label>\n\t\t\t\t\t\t\t\t\t<input type=\"number\" name=\"form_fields[eta_bambino_3]\" id=\"form-field-eta_bambino_3\" class=\"elementor-field elementor-size-sm  elementor-field-textual\" required=\"required\" min=\"0\" max=\"\" >\n\t\t\t\t\t\t<\/div>\n\t\t\t\t\t\t\t\t<div class=\"elementor-field-type-select elementor-field-group elementor-column elementor-field-group-prima_camera elementor-col-50 elementor-field-required elementor-mark-required\">\n\t\t\t\t\t\t\t\t\t\t\t\t<label for=\"form-field-prima_camera\" class=\"elementor-field-label\">\n\t\t\t\t\t\t\t\tZimmer ausw\u00e4hlen\t\t\t\t\t\t\t<\/label>\n\t\t\t\t\t\t\t\t<div class=\"elementor-field elementor-select-wrapper remove-before \">\n\t\t\t<div class=\"select-caret-down-wrapper\">\n\t\t\t\t<svg aria-hidden=\"true\" class=\"e-font-icon-svg e-eicon-caret-down\" viewBox=\"0 0 571.4 571.4\" xmlns=\"http:\/\/www.w3.org\/2000\/svg\"><path d=\"M571 393Q571 407 561 418L311 668Q300 679 286 679T261 668L11 418Q0 407 0 393T11 368 36 357H536Q550 357 561 368T571 393Z\"><\/path><\/svg>\t\t\t<\/div>\n\t\t\t<select name=\"form_fields[prima_camera]\" id=\"form-field-prima_camera\" class=\"elementor-field-textual elementor-size-sm\" required=\"required\">\n\t\t\t\t\t\t\t\t\t<option value=\"Doppelzimmer zu Wohnzwecken - 22 qm - Max 2 Pers.\">Doppelzimmer zu Wohnzwecken - 22 qm - Max 2 Pers.<\/option>\n\t\t\t\t\t\t\t\t\t<option value=\"Premium Doppelzimmer - 22 qm - Max 2 Pers.\">Premium Doppelzimmer - 22 qm - Max 2 Pers.<\/option>\n\t\t\t\t\t\t\t\t\t<option value=\"Deluxe Dreibettzimmer - 30 qm - Max 3 Pers.\">Deluxe Dreibettzimmer - 30 qm - Max 3 Pers.<\/option>\n\t\t\t\t\t\t\t\t\t<option value=\"\"><\/option>\n\t\t\t\t\t\t\t<\/select>\n\t\t<\/div>\n\t\t\t\t\t\t<\/div>\n\t\t\t\t\t\t\t\t<div class=\"elementor-field-type-select elementor-field-group elementor-column elementor-field-group-seconda_camera elementor-col-50\">\n\t\t\t\t\t\t\t\t\t\t\t\t<label for=\"form-field-seconda_camera\" class=\"elementor-field-label\">\n\t\t\t\t\t\t\t\tZweites Zimmer ausw\u00e4hlen (optional)\t\t\t\t\t\t\t<\/label>\n\t\t\t\t\t\t\t\t<div class=\"elementor-field elementor-select-wrapper remove-before \">\n\t\t\t<div class=\"select-caret-down-wrapper\">\n\t\t\t\t<svg aria-hidden=\"true\" class=\"e-font-icon-svg e-eicon-caret-down\" viewBox=\"0 0 571.4 571.4\" xmlns=\"http:\/\/www.w3.org\/2000\/svg\"><path d=\"M571 393Q571 407 561 418L311 668Q300 679 286 679T261 668L11 418Q0 407 0 393T11 368 36 357H536Q550 357 561 368T571 393Z\"><\/path><\/svg>\t\t\t<\/div>\n\t\t\t<select name=\"form_fields[seconda_camera]\" id=\"form-field-seconda_camera\" class=\"elementor-field-textual elementor-size-sm\">\n\t\t\t\t\t\t\t\t\t<option value=\"Keine\">Keine<\/option>\n\t\t\t\t\t\t\t\t\t<option value=\"Residenz Doppelzimmer - 22 qm - Max 2 Pers.\">Residenz Doppelzimmer - 22 qm - Max 2 Pers.<\/option>\n\t\t\t\t\t\t\t\t\t<option value=\"Premium Doppelzimmer - 22 qm - Max 2 Pers.\">Premium Doppelzimmer - 22 qm - Max 2 Pers.<\/option>\n\t\t\t\t\t\t\t\t\t<option value=\"Deluxe Dreibettzimmer - 30 qm - Max 3 Pers.\">Deluxe Dreibettzimmer - 30 qm - Max 3 Pers.<\/option>\n\t\t\t\t\t\t\t<\/select>\n\t\t<\/div>\n\t\t\t\t\t\t<\/div>\n\t\t\t\t\t\t\t\t<div class=\"elementor-field-type-textarea elementor-field-group elementor-column elementor-field-group-messaggio elementor-col-100\">\n\t\t\t\t\t\t\t\t\t\t\t\t<label for=\"form-field-messaggio\" class=\"elementor-field-label\">\n\t\t\t\t\t\t\t\tNachricht\t\t\t\t\t\t\t<\/label>\n\t\t\t\t\t\t<textarea class=\"elementor-field-textual elementor-field  elementor-size-sm\" name=\"form_fields[messaggio]\" id=\"form-field-messaggio\" rows=\"4\" placeholder=\"Nachricht\"><\/textarea>\t\t\t\t<\/div>\n\t\t\t\t\t\t\t\t<div class=\"elementor-field-type-acceptance elementor-field-group elementor-column elementor-field-group-Accettazione_GDPR elementor-col-100 elementor-field-required elementor-mark-required\">\n\t\t\t\t\t\t\t\t\t\t\t\t<label for=\"form-field-Accettazione_GDPR\" class=\"elementor-field-label\">\n\t\t\t\t\t\t\t\tAkzeptanz\t\t\t\t\t\t\t<\/label>\n\t\t\t\t\t\t\t\t<div class=\"elementor-field-subgroup\">\n\t\t\t<span class=\"elementor-field-option\">\n\t\t\t\t<input type=\"checkbox\" name=\"form_fields[Accettazione_GDPR]\" id=\"form-field-Accettazione_GDPR\" class=\"elementor-field elementor-size-sm  elementor-acceptance-field\" required=\"required\">\n\t\t\t\t<label for=\"form-field-Accettazione_GDPR\">Ich erkl\u00e4re hiermit, dass ich den Inhalt der Datenschutzerkl\u00e4rung sorgf\u00e4ltig gelesen und verstanden habe und erkl\u00e4re mich mit der Verarbeitung meiner pers\u00f6nlichen Daten zum Zwecke der Erbringung der angebotenen Dienstleistungen einverstanden<\/label>\t\t\t<\/span>\n\t\t<\/div>\n\t\t\t\t\t\t<\/div>\n\t\t\t\t\t\t\t\t<div class=\"elementor-field-type-recaptcha elementor-field-group elementor-column elementor-field-group-field_f469881 elementor-col-100\">\n\t\t\t\t\t<div class=\"elementor-field\" id=\"form-field-field_f469881\"><div class=\"elementor-g-recaptcha\" data-sitekey=\"6LeWnXkdAAAAAIowKqG9Z-0pMdRtZez0KmnFzIVt\" data-type=\"v2_checkbox\" data-theme=\"light\" data-size=\"normal\"><\/div><\/div>\t\t\t\t<\/div>\n\t\t\t\t\t\t\t\t<div class=\"elementor-field-group elementor-column elementor-field-type-submit elementor-col-100 e-form__buttons\">\n\t\t\t\t\t<button class=\"elementor-button elementor-size-md\" type=\"submit\">\n\t\t\t\t\t\t<span class=\"elementor-button-content-wrapper\">\n\t\t\t\t\t\t\t\t\t\t\t\t\t\t\t\t\t\t\t\t\t\t<span class=\"elementor-button-text\">Senden Sie<\/span>\n\t\t\t\t\t\t\t\t\t\t\t\t\t<\/span>\n\t\t\t\t\t<\/button>\n\t\t\t\t<\/div>\n\t\t\t<\/div>\n\t\t<\/form>\n\t\t\t\t\t\t<\/div>\n\t\t\t\t<\/div>\n\t\t\t\t<\/div>\n\t\t\t\t<div class=\"elementor-element elementor-element-5613ab4 elementor-widget elementor-widget-spacer\" data-id=\"5613ab4\" data-element_type=\"widget\" data-e-type=\"widget\" data-widget_type=\"spacer.default\">\n\t\t\t\t<div class=\"elementor-widget-container\">\n\t\t\t\t\t\t\t<div class=\"elementor-spacer\">\n\t\t\t<div class=\"elementor-spacer-inner\"><\/div>\n\t\t<\/div>\n\t\t\t\t\t\t<\/div>\n\t\t\t\t<\/div>\n\t\t\t\t\t<\/div>\n\t\t\t\t<\/div>\n\t\t\t\t<\/div>\n\t\t","protected":false},"excerpt":{"rendered":"<p>Buchen Sie jetzt! F\u00fcllen Sie das folgende Formular aus, um Ihren n\u00e4chsten Urlaub in der Villa Elena zu buchen. Sie erhalten eine Kopie Ihres Antrags per E-Mail. Wir werden uns so schnell wie m\u00f6glich mit Ihnen in Verbindung setzen, um Ihnen die Verf\u00fcgbarkeit, den Preis und die notwendigen Informationen mitzuteilen.<\/p>\n","protected":false},"author":1,"featured_media":0,"parent":0,"menu_order":0,"comment_status":"closed","ping_status":"closed","template":"elementor_header_footer","meta":{"footnotes":""},"class_list":["post-1180","page","type-page","status-publish","hentry"],"_links":{"self":[{"href":"https:\/\/villaelenarooms.it\/de\/wp-json\/wp\/v2\/pages\/1180","targetHints":{"allow":["GET"]}}],"collection":[{"href":"https:\/\/villaelenarooms.it\/de\/wp-json\/wp\/v2\/pages"}],"about":[{"href":"https:\/\/villaelenarooms.it\/de\/wp-json\/wp\/v2\/types\/page"}],"author":[{"embeddable":true,"href":"https:\/\/villaelenarooms.it\/de\/wp-json\/wp\/v2\/users\/1"}],"replies":[{"embeddable":true,"href":"https:\/\/villaelenarooms.it\/de\/wp-json\/wp\/v2\/comments?post=1180"}],"version-history":[{"count":0,"href":"https:\/\/villaelenarooms.it\/de\/wp-json\/wp\/v2\/pages\/1180\/revisions"}],"wp:attachment":[{"href":"https:\/\/villaelenarooms.it\/de\/wp-json\/wp\/v2\/media?parent=1180"}],"curies":[{"name":"wp","href":"https:\/\/api.w.org\/{rel}","templated":true}]}}