{"id":1343,"date":"2025-03-28T22:18:26","date_gmt":"2025-03-28T21:18:26","guid":{"rendered":"https:\/\/villaelenarooms.it\/cookie-richtlinie\/"},"modified":"2025-05-12T09:37:11","modified_gmt":"2025-05-12T07:37:11","slug":"cookie-richtlinie","status":"publish","type":"page","link":"https:\/\/villaelenarooms.it\/de\/cookie-richtlinie\/","title":{"rendered":"Cookie-Richtlinie"},"content":{"rendered":"\t\t<div data-elementor-type=\"wp-page\" data-elementor-id=\"1343\" class=\"elementor elementor-1343 elementor-163\" data-elementor-post-type=\"page\">\n\t\t\t\t<div class=\"elementor-element elementor-element-3b184c3 e-con-full e-flex e-con e-parent\" data-id=\"3b184c3\" data-element_type=\"container\" data-e-type=\"container\" data-settings=\"{&quot;background_background&quot;:&quot;classic&quot;}\">\n\t\t<div class=\"elementor-element elementor-element-b7930e4 e-flex e-con-boxed e-con e-child\" data-id=\"b7930e4\" data-element_type=\"container\" data-e-type=\"container\">\n\t\t\t\t\t<div class=\"e-con-inner\">\n\t\t\t\t<div class=\"elementor-element elementor-element-aa19130 elementor-widget elementor-widget-spacer\" data-id=\"aa19130\" data-element_type=\"widget\" data-e-type=\"widget\" data-widget_type=\"spacer.default\">\n\t\t\t\t<div class=\"elementor-widget-container\">\n\t\t\t\t\t\t\t<div class=\"elementor-spacer\">\n\t\t\t<div class=\"elementor-spacer-inner\"><\/div>\n\t\t<\/div>\n\t\t\t\t\t\t<\/div>\n\t\t\t\t<\/div>\n\t\t\t\t<div class=\"elementor-element elementor-element-cf6c19c elementor-widget elementor-widget-heading\" data-id=\"cf6c19c\" data-element_type=\"widget\" data-e-type=\"widget\" data-widget_type=\"heading.default\">\n\t\t\t\t<div class=\"elementor-widget-container\">\n\t\t\t\t\t<h2 class=\"elementor-heading-title elementor-size-default\">Cookie-Richtlinie<\/h2>\t\t\t\t<\/div>\n\t\t\t\t<\/div>\n\t\t\t\t<div class=\"elementor-element elementor-element-5e9feaf elementor-widget elementor-widget-text-editor\" data-id=\"5e9feaf\" data-element_type=\"widget\" data-e-type=\"widget\" data-widget_type=\"text-editor.default\">\n\t\t\t\t<div class=\"elementor-widget-container\">\n\t\t\t\t\t\t\t\t\t<div class=\"post-content\"><p><strong>Cookie-Richtlinie von villaelenaroms.it<\/strong><\/p><p>Cookie-Richtlinie von villaelenaroms.it<br>Dieses Dokument enth\u00e4lt Informationen zu den Technologien, die es dieser Website erm\u00f6glichen, die unten beschriebenen Zwecke zu erreichen. Diese Technologien erm\u00f6glichen es dem Eigent\u00fcmer, Informationen zu sammeln und zu speichern (z. B. durch die Verwendung von Cookies) oder Ressourcen (z. B. durch die Ausf\u00fchrung eines Skripts) auf dem Ger\u00e4t des Benutzers zu nutzen, wenn dieser mit dieser Website interagiert. <\/p><p>Der Einfachheit halber werden solche Technologien in diesem Dokument kurz als \u201eTracking-Tools\u201c definiert, sofern kein Grund f\u00fcr eine Differenzierung besteht. <br>Obwohl Cookies beispielsweise sowohl in Web- als auch in Mobilbrowsern verwendet werden k\u00f6nnen, w\u00e4re es unangemessen, im Zusammenhang mit mobilen Anwendungen \u00fcber Cookies zu sprechen, da es sich dabei um Tracking-Tools handelt, die das Vorhandensein eines Browsers erfordern. Aus diesem Grund wird der Begriff Cookie in diesem Dokument nur verwendet, um speziell auf diese bestimmte Art von Tracking-Tool hinzuweisen. <\/p><p>F\u00fcr einige der Zwecke, f\u00fcr die Tracking-Tools verwendet werden, ist m\u00f6glicherweise auch die Einwilligung des Benutzers erforderlich. Wenn eine Einwilligung erteilt wurde, kann diese jederzeit frei widerrufen werden, indem Sie den Anweisungen in diesem Dokument folgen. <\/p><p>Diese Website verwendet Tracking-Tools, die direkt vom Eigent\u00fcmer verwaltet werden (allgemein als \u201eFirst-Party\u201c-Tracking-Tools bezeichnet) und Tracking-Tools, die von Dritten bereitgestellte Dienste erm\u00f6glichen (allgemein als \u201eThird-Party\u201c-Tracking-Tools bezeichnet). Sofern in diesem Dokument nicht anders angegeben, haben diese Drittparteien Zugriff auf die jeweiligen Tracking-Tools. <br>Die Dauer und Ablaufdauer von Cookies und anderen \u00e4hnlichen Tracking-Tools k\u00f6nnen je nach den Einstellungen des Eigent\u00fcmers oder der einzelnen Drittanbieter variieren. Einige davon verfallen am Ende der Browsersitzung des Benutzers. Zus\u00e4tzlich zu den Angaben in der Beschreibung der einzelnen unten aufgef\u00fchrten Kategorien k\u00f6nnen Benutzer detailliertere und aktuellere Informationen zur Dauer sowie zu allen anderen relevanten Informationen \u2013 wie beispielsweise zum Vorhandensein anderer Tracking-Tools \u2013 in den Datenschutzrichtlinien der jeweiligen Drittanbieter (\u00fcber die bereitgestellten Links) oder durch Kontaktaufnahme mit dem Eigent\u00fcmer erhalten.  <\/p><p><strong> <\/strong><strong>Unbedingt erforderliche Aktivit\u00e4ten, um das Funktionieren dieser Website und die Bereitstellung des Dienstes sicherzustellen<\/strong><\/p><p>Diese Website verwendet Cookies, die allgemein als \u201etechnische\u201c Cookies oder andere \u00e4hnliche Tracking-Tools bezeichnet werden, um Aktivit\u00e4ten auszuf\u00fchren, die unbedingt erforderlich sind, um das Funktionieren oder die Bereitstellung des Dienstes zu gew\u00e4hrleisten.<\/p><p><strong>T<\/strong><strong>racking-Tools von Drittanbietern<\/strong><\/p><ul><li><strong>SPAM-Schutz<\/strong><\/li><\/ul><p><strong> <\/strong><strong>Andere Aktivit\u00e4ten, bei denen Tracking-Tools zum Einsatz kommen<\/strong><\/p><p><strong>Einfache Interaktionen und Funktionalit\u00e4t<\/strong><\/p><p>Diese Website verwendet Tracking-Tools, um ein personalisiertes Benutzererlebnis zu bieten und eine bessere Verwaltung pers\u00f6nlicher Einstellungen und Interaktion mit externen Netzwerken und Plattformen zu erm\u00f6glichen.<\/p><ul><li><strong>Registrierung und Authentifizierung<\/strong><\/li><\/ul><p><strong>Verbesserung des Erlebnisses<\/strong><\/p><p>Diese Website verwendet Tracking-Tools, um ein personalisiertes Benutzererlebnis zu bieten und eine bessere Verwaltung pers\u00f6nlicher Einstellungen und Interaktion mit externen Netzwerken und Plattformen zu erm\u00f6glichen.<\/p><ul><li><strong>Interaktion mit sozialen Netzwerken und externen Plattformen<\/strong><\/li><li><strong>Anzeigen von Inhalten von externen Plattformen<\/strong><\/li><\/ul><p><strong> <\/strong><strong>So verwalten Sie Ihre Pr\u00e4ferenzen und erteilen oder widerrufen Ihre Einwilligung<\/strong><\/p><p>Es gibt verschiedene M\u00f6glichkeiten, die Pr\u00e4ferenzen in Bezug auf Tracking-Tools zu verwalten und gegebenenfalls Einwilligungen zu erteilen oder zu widerrufen:<\/p><p>Benutzer k\u00f6nnen Pr\u00e4ferenzen in Bezug auf Tracking-Tools direkt \u00fcber ihre eigenen Ger\u00e4teeinstellungen verwalten \u2013 beispielsweise k\u00f6nnen sie die Verwendung oder Speicherung von Tracking-Tools verhindern.<\/p><p>Dar\u00fcber hinaus kann der Benutzer, wenn die Verwendung von Tracking-Tools auf einer Einwilligung beruht, diese Einwilligung erteilen oder widerrufen, indem er seine Pr\u00e4ferenzen im Cookie-Hinweis festlegt oder diese Pr\u00e4ferenzen \u00fcber das Tracking-Einstellungs-Widget aktualisiert, sofern verf\u00fcgbar.<\/p><p>Dar\u00fcber hinaus ist es m\u00f6glich, zuvor gespeicherte Tracking-Tools \u00fcber bestimmte Browser- oder Ger\u00e4tefunktionen zu entfernen.<\/p><p>Andere im lokalen Speicher des Browsers vorhandene Tracking-Tools k\u00f6nnen durch L\u00f6schen des Browserverlaufs entfernt werden.<\/p><p>In Bezug auf Tracking-Tools von Drittanbietern k\u00f6nnen Benutzer ihre Pr\u00e4ferenzen verwalten und ihre Einwilligung widerrufen, indem sie den entsprechenden Opt- out-Link (sofern verf\u00fcgbar) aufrufen, die in der Datenschutzrichtlinie des Drittanbieters beschriebenen Tools verwenden oder sich direkt an diesen wenden.<\/p><p><strong> <\/strong><strong>Suchen der Tracking-Tool-Einstellungen<\/strong><\/p><p>Informationen zur Verwaltung von Cookies in einigen der g\u00e4ngigsten Browser finden Benutzer beispielsweise unter den folgenden Adressen:<\/p><ul><li><a href=\"https:\/\/support.google.com\/chrome\/answer\/95647?hl=it&amp;p=cpn_cookies\">Google Chrome<\/a><\/li><li><a href=\"https:\/\/support.mozilla.org\/it\/kb\/Attivare%20e%20disattivare%20i%20cookie\">Mozilla Firefox<\/a><\/li><li><a href=\"https:\/\/support.apple.com\/it-it\/guide\/safari\/manage-cookies-and-website-data-sfri11471\/\">Apple Safari<\/a><\/li><li><a href=\"http:\/\/windows.microsoft.com\/it-it\/windows-vista\/block-or-allow-cookies\">Microsoft Internet Explorer<\/a><\/li><li><a href=\"https:\/\/support.microsoft.com\/it-it\/help\/4027947\">Microsoft Edge<\/a><\/li><li><a href=\"https:\/\/support.brave.com\/hc\/articles\/360022806212-How-do-I-use-Shields-while-browsing\">Brave<\/a><\/li><li><a href=\"https:\/\/help.opera.com\/latest\/web-preferences\/#cookies\">Opera<\/a><\/li><\/ul><p>Benutzer k\u00f6nnen auch bestimmte Tracking-Tools f\u00fcr mobile Anwendungen verwalten, indem sie diese \u00fcber die entsprechenden Ger\u00e4teeinstellungen deaktivieren, beispielsweise die Einstellungen f\u00fcr mobile Werbung oder die Einstellungen zum Tracking im Allgemeinen (Benutzer k\u00f6nnen die Ger\u00e4teeinstellungen konsultieren, um die relevanten zu identifizieren).<\/p><p><strong> <\/strong><strong>Folgen der Einwilligungsverweigerung<\/strong><\/p><p>Es steht den Nutzern frei, ob sie ihre Einwilligung erteilen oder nicht. Beachten Sie jedoch, dass Tracking-Tools es dieser Website erm\u00f6glichen, den Benutzern ein besseres Erlebnis und erweiterte Funktionen zu bieten (im Einklang mit den in diesem Dokument beschriebenen Zwecken). Daher ist der Datenverantwortliche ohne die Zustimmung des Benutzers m\u00f6glicherweise nicht in der Lage, die entsprechenden Funktionen bereitzustellen.  <\/p><p><strong> <\/strong><strong>Verantwortlicher<\/strong><\/p><p>\u2026\u2026\u2026\u2026\u2026\u2026.<\/p><p><strong> <\/strong><strong>E-Mail -Adresse des Eigent\u00fcmers :<\/strong> \u2026\u2026\u2026\u2026<\/p><p>Da der Einsatz von Tracking-Tools Dritter auf dieser Website nicht vollst\u00e4ndig vom Eigent\u00fcmer kontrolliert werden kann, ist jeder spezifische Verweis auf Tracking-Tools Dritter als indikativ zu betrachten. Um vollst\u00e4ndige Informationen zu erhalten, werden Benutzer gebeten, die Datenschutzrichtlinien der jeweiligen Drittanbieterdienste zu konsultieren, die in diesem Dokument aufgef\u00fchrt sind. <\/p><p>Angesichts der objektiven Komplexit\u00e4t der Identifizierung von Tracking-Technologien werden Benutzer gebeten, sich an den Eigent\u00fcmer zu wenden, wenn sie weitere Informationen zur Verwendung solcher Technologien auf dieser Website erhalten m\u00f6chten.<\/p><p><strong>Begriffsbestimmungen und rechtliche Hinweise<\/strong><\/p><p>Letzte \u00c4nderung: 07. August 2023<\/p><\/div>\t\t\t\t\t\t\t\t<\/div>\n\t\t\t\t<\/div>\n\t\t\t\t<div class=\"elementor-element elementor-element-dbccc68 elementor-widget elementor-widget-spacer\" data-id=\"dbccc68\" data-element_type=\"widget\" data-e-type=\"widget\" data-widget_type=\"spacer.default\">\n\t\t\t\t<div class=\"elementor-widget-container\">\n\t\t\t\t\t\t\t<div class=\"elementor-spacer\">\n\t\t\t<div class=\"elementor-spacer-inner\"><\/div>\n\t\t<\/div>\n\t\t\t\t\t\t<\/div>\n\t\t\t\t<\/div>\n\t\t\t\t\t<\/div>\n\t\t\t\t<\/div>\n\t\t\t\t<\/div>\n\t\t\t\t<\/div>\n\t\t","protected":false},"excerpt":{"rendered":"<p>Cookie-Richtlinie Cookie-Richtlinie von villaelenaroms.it Cookie-Richtlinie von villaelenaroms.itDieses Dokument enth\u00e4lt Informationen zu den Technologien, die es dieser Website erm\u00f6glichen, die unten beschriebenen Zwecke zu erreichen. Diese Technologien erm\u00f6glichen es dem Eigent\u00fcmer, Informationen zu sammeln und zu speichern (z. B. durch die Verwendung von Cookies) oder Ressourcen (z. B. durch die Ausf\u00fchrung eines Skripts) auf dem Ger\u00e4t [&hellip;]<\/p>\n","protected":false},"author":1,"featured_media":0,"parent":0,"menu_order":0,"comment_status":"closed","ping_status":"closed","template":"elementor_header_footer","meta":{"footnotes":""},"class_list":["post-1343","page","type-page","status-publish","hentry"],"_links":{"self":[{"href":"https:\/\/villaelenarooms.it\/de\/wp-json\/wp\/v2\/pages\/1343","targetHints":{"allow":["GET"]}}],"collection":[{"href":"https:\/\/villaelenarooms.it\/de\/wp-json\/wp\/v2\/pages"}],"about":[{"href":"https:\/\/villaelenarooms.it\/de\/wp-json\/wp\/v2\/types\/page"}],"author":[{"embeddable":true,"href":"https:\/\/villaelenarooms.it\/de\/wp-json\/wp\/v2\/users\/1"}],"replies":[{"embeddable":true,"href":"https:\/\/villaelenarooms.it\/de\/wp-json\/wp\/v2\/comments?post=1343"}],"version-history":[{"count":0,"href":"https:\/\/villaelenarooms.it\/de\/wp-json\/wp\/v2\/pages\/1343\/revisions"}],"wp:attachment":[{"href":"https:\/\/villaelenarooms.it\/de\/wp-json\/wp\/v2\/media?parent=1343"}],"curies":[{"name":"wp","href":"https:\/\/api.w.org\/{rel}","templated":true}]}}